{"id":13,"date":"2021-03-20T21:49:30","date_gmt":"2021-03-20T21:49:30","guid":{"rendered":"https:\/\/almomani.ch\/?page_id=13"},"modified":"2023-01-08T15:44:05","modified_gmt":"2023-01-08T15:44:05","slug":"praxis-dr-al-momani","status":"publish","type":"page","link":"https:\/\/almomani.ch\/","title":{"rendered":"Orthop\u00e4dische Chirurgie Praxis Dr. Al-Momani"},"content":{"rendered":"\n<div class=\"wp-block-buttons alignwide has-custom-font-size has-large-font-size is-content-justification-center is-layout-flex wp-container-core-buttons-is-layout-16018d1d wp-block-buttons-is-layout-flex\">\n<div class=\"wp-block-button has-custom-font-size has-large-font-size\"><a class=\"wp-block-button__link wp-element-button\">www.orthopaedie-duedingen.ch<\/a><\/div>\n<\/div>\n\n\n\n<p class=\"has-text-align-center\">FMH Orthop\u00e4dische Chirurgie und Traumatologie<\/p>\n\n\n\n<p class=\"has-text-align-center\">Gelenkprothesen Knie und H\u00fcfte; Kniechirurgie; H\u00fcftchirurgie, Vorfusschirurgie, kleine Handchirurgie Knochenbr\u00fcche<\/p>\n\n\n\n<p class=\"has-text-align-center\" style=\"font-size:58px\"> Brunnenweg 4<\/p>\n\n\n\n<p class=\"has-text-align-center\" style=\"font-size:58px\">D\u00fcdingen<\/p>\n","protected":false},"excerpt":{"rendered":"<p>FMH Orthop\u00e4dische Chirurgie und Traumatologie Gelenkprothesen Knie und H\u00fcfte; Kniechirurgie; H\u00fcftchirurgie, Vorfusschirurgie, kleine Handchirurgie Knochenbr\u00fcche Brunnenweg 4 D\u00fcdingen<\/p>\n","protected":false},"author":1,"featured_media":0,"parent":0,"menu_order":0,"comment_status":"closed","ping_status":"closed","template":"templates\/template-cover.php","meta":{"footnotes":""},"class_list":["post-13","page","type-page","status-publish","hentry"],"yoast_head":"<!-- This site is optimized with the Yoast SEO plugin v23.7 - https:\/\/yoast.com\/wordpress\/plugins\/seo\/ -->\n<title>Orthop\u00e4dische Chirurgie Praxis Dr. Al-Momani Praxis Dr. Al-Momani<\/title>\n<meta name=\"description\" content=\"D\u00fcdingen ab Sommer 2021 Orthop\u00e4die\" \/>\n<meta name=\"robots\" content=\"index, follow, max-snippet:-1, max-image-preview:large, max-video-preview:-1\" \/>\n<link rel=\"canonical\" href=\"https:\/\/almomani.ch\/\" \/>\n<meta property=\"og:locale\" content=\"de_DE\" \/>\n<meta property=\"og:type\" content=\"article\" \/>\n<meta property=\"og:title\" content=\"Orthop\u00e4dische Chirurgie Praxis Dr. Al-Momani Praxis Dr. Al-Momani\" \/>\n<meta property=\"og:description\" content=\"D\u00fcdingen ab Sommer 2021 Orthop\u00e4die\" \/>\n<meta property=\"og:url\" content=\"https:\/\/almomani.ch\/\" \/>\n<meta property=\"og:site_name\" content=\"Praxis Dr. Al-Momani\" \/>\n<meta property=\"article:modified_time\" content=\"2023-01-08T15:44:05+00:00\" \/>\n<meta name=\"twitter:card\" content=\"summary_large_image\" \/>\n<meta name=\"twitter:label1\" content=\"Gesch\u00e4tzte Lesezeit\" \/>\n\t<meta name=\"twitter:data1\" content=\"1\u00a0Minute\" \/>\n<script type=\"application\/ld+json\" class=\"yoast-schema-graph\">{\"@context\":\"https:\/\/schema.org\",\"@graph\":[{\"@type\":\"WebPage\",\"@id\":\"https:\/\/almomani.ch\/\",\"url\":\"https:\/\/almomani.ch\/\",\"name\":\"Orthop\u00e4dische Chirurgie Praxis Dr. Al-Momani Praxis Dr. Al-Momani\",\"isPartOf\":{\"@id\":\"https:\/\/almomani.ch\/#website\"},\"datePublished\":\"2021-03-20T21:49:30+00:00\",\"dateModified\":\"2023-01-08T15:44:05+00:00\",\"description\":\"D\u00fcdingen ab Sommer 2021 Orthop\u00e4die\",\"breadcrumb\":{\"@id\":\"https:\/\/almomani.ch\/#breadcrumb\"},\"inLanguage\":\"de\",\"potentialAction\":[{\"@type\":\"ReadAction\",\"target\":[\"https:\/\/almomani.ch\/\"]}]},{\"@type\":\"BreadcrumbList\",\"@id\":\"https:\/\/almomani.ch\/#breadcrumb\",\"itemListElement\":[{\"@type\":\"ListItem\",\"position\":1,\"name\":\"Startseite\",\"item\":\"https:\/\/almomani.ch\/\"},{\"@type\":\"ListItem\",\"position\":2,\"name\":\"Orthop\u00e4dische Chirurgie Praxis Dr. Al-Momani\"}]},{\"@type\":\"WebSite\",\"@id\":\"https:\/\/almomani.ch\/#website\",\"url\":\"https:\/\/almomani.ch\/\",\"name\":\"Orthop\u00e4dische Chirurgie\",\"description\":\"Orthop\u00e4die\",\"potentialAction\":[{\"@type\":\"SearchAction\",\"target\":{\"@type\":\"EntryPoint\",\"urlTemplate\":\"https:\/\/almomani.ch\/?s={search_term_string}\"},\"query-input\":{\"@type\":\"PropertyValueSpecification\",\"valueRequired\":true,\"valueName\":\"search_term_string\"}}],\"inLanguage\":\"de\"}]}<\/script>\n<!-- \/ Yoast SEO plugin. -->","yoast_head_json":{"title":"Orthop\u00e4dische Chirurgie Praxis Dr. Al-Momani Praxis Dr. Al-Momani","description":"D\u00fcdingen ab Sommer 2021 Orthop\u00e4die","robots":{"index":"index","follow":"follow","max-snippet":"max-snippet:-1","max-image-preview":"max-image-preview:large","max-video-preview":"max-video-preview:-1"},"canonical":"https:\/\/almomani.ch\/","og_locale":"de_DE","og_type":"article","og_title":"Orthop\u00e4dische Chirurgie Praxis Dr. Al-Momani Praxis Dr. Al-Momani","og_description":"D\u00fcdingen ab Sommer 2021 Orthop\u00e4die","og_url":"https:\/\/almomani.ch\/","og_site_name":"Praxis Dr. Al-Momani","article_modified_time":"2023-01-08T15:44:05+00:00","twitter_card":"summary_large_image","twitter_misc":{"Gesch\u00e4tzte Lesezeit":"1\u00a0Minute"},"schema":{"@context":"https:\/\/schema.org","@graph":[{"@type":"WebPage","@id":"https:\/\/almomani.ch\/","url":"https:\/\/almomani.ch\/","name":"Orthop\u00e4dische Chirurgie Praxis Dr. Al-Momani Praxis Dr. Al-Momani","isPartOf":{"@id":"https:\/\/almomani.ch\/#website"},"datePublished":"2021-03-20T21:49:30+00:00","dateModified":"2023-01-08T15:44:05+00:00","description":"D\u00fcdingen ab Sommer 2021 Orthop\u00e4die","breadcrumb":{"@id":"https:\/\/almomani.ch\/#breadcrumb"},"inLanguage":"de","potentialAction":[{"@type":"ReadAction","target":["https:\/\/almomani.ch\/"]}]},{"@type":"BreadcrumbList","@id":"https:\/\/almomani.ch\/#breadcrumb","itemListElement":[{"@type":"ListItem","position":1,"name":"Startseite","item":"https:\/\/almomani.ch\/"},{"@type":"ListItem","position":2,"name":"Orthop\u00e4dische Chirurgie Praxis Dr. Al-Momani"}]},{"@type":"WebSite","@id":"https:\/\/almomani.ch\/#website","url":"https:\/\/almomani.ch\/","name":"Orthop\u00e4dische Chirurgie","description":"Orthop\u00e4die","potentialAction":[{"@type":"SearchAction","target":{"@type":"EntryPoint","urlTemplate":"https:\/\/almomani.ch\/?s={search_term_string}"},"query-input":{"@type":"PropertyValueSpecification","valueRequired":true,"valueName":"search_term_string"}}],"inLanguage":"de"}]}},"jetpack_sharing_enabled":true,"_links":{"self":[{"href":"https:\/\/almomani.ch\/index.php?rest_route=\/wp\/v2\/pages\/13","targetHints":{"allow":["GET"]}}],"collection":[{"href":"https:\/\/almomani.ch\/index.php?rest_route=\/wp\/v2\/pages"}],"about":[{"href":"https:\/\/almomani.ch\/index.php?rest_route=\/wp\/v2\/types\/page"}],"author":[{"embeddable":true,"href":"https:\/\/almomani.ch\/index.php?rest_route=\/wp\/v2\/users\/1"}],"replies":[{"embeddable":true,"href":"https:\/\/almomani.ch\/index.php?rest_route=%2Fwp%2Fv2%2Fcomments&post=13"}],"version-history":[{"count":15,"href":"https:\/\/almomani.ch\/index.php?rest_route=\/wp\/v2\/pages\/13\/revisions"}],"predecessor-version":[{"id":115,"href":"https:\/\/almomani.ch\/index.php?rest_route=\/wp\/v2\/pages\/13\/revisions\/115"}],"wp:attachment":[{"href":"https:\/\/almomani.ch\/index.php?rest_route=%2Fwp%2Fv2%2Fmedia&parent=13"}],"curies":[{"name":"wp","href":"https:\/\/api.w.org\/{rel}","templated":true}]}}